{"id":2386,"date":"2021-02-10T10:28:59","date_gmt":"2021-02-10T09:28:59","guid":{"rendered":"http:\/\/mapa-blog.hypercrew.pl\/?page_id=2386"},"modified":"2021-02-16T20:17:29","modified_gmt":"2021-02-16T19:17:29","slug":"polityka-prywatnosci","status":"publish","type":"page","link":"https:\/\/mapaagentow.pl\/blog\/polityka-prywatnosci\/","title":{"rendered":"Polityka prywatno\u015bci"},"content":{"rendered":"\n<p>Szanowni Pa\u0144stwo,<\/p>\n\n\n\n<p>cenimy sobie transparentno\u015b\u0107 serwisu i zaufanie jego u\u017cytkownik\u00f3w. W poni\u017cszym pliku znajd\u0105 Pa\u0144stwo wyja\u015bnienie sposobu przetwarzania Pa\u0144stwa danych osobowych zgodnie z zasadami RODO i nowymi regulacjami o ochronie danych osobowych. W razie jakichkolwiek pyta\u0144 zach\u0119camy do kontaktu.<\/p>\n\n\n\n<p><strong>INFORMACJE O PRZETWARZANIU DANYCH OSOBOWYCH<\/strong><\/p>\n\n\n\n<p><strong><br>Sk\u0105d posiadamy Pa\u0144stwa dane?<\/strong><\/p>\n\n\n\n<p>Pa\u0144stwa dane pozyskali\u015bmy:<\/p>\n\n\n\n<ol type=\"1\"><li>bezpo\u015brednio od Pa\u0144stwa, w tym tak\u017ce poprzez kontakt e-mailowy, telefoniczny i listowny;<\/li><li>od naszych po\u015brednik\u00f3w \u2013 OFWCA &#8211; kt\u00f3rzy w naszym imieniu zawarli z Wami umowy ubezpieczenia na rzecz zak\u0142ad\u00f3w ubezpieczeniowych, kt\u00f3rych jeste\u015bmy Agentem. Wyst\u0119pujemy tutaj jako Wsp\u00f3\u0142administrator Danych;<\/li><li>w zwi\u0105zku z kontaktami biznesowymi i umowami o \u015bwiadczenie us\u0142ug na Pa\u0144stwa rzecz i Pa\u0144stwa dla nas;<\/li><li>ze \u017ar\u00f3de\u0142 publicznie dost\u0119pnych, np. z Krajowego Rejestru S\u0105dowego, Centralnej Ewidencji i Informacji o Dzia\u0142alno\u015bci Gospodarczej lub innych podobnych \u017ar\u00f3de\u0142.<\/li><\/ol>\n\n\n\n<p><strong>Kto jest administratorem Pa\u0144stwa danych?<\/strong><\/p>\n\n\n\n<p>Administratorem Pa\u0144stwa danych osobowych jest: ALWIS FINANSE SP\u00d3\u0141KA Z OGRANICZON\u0104 ODPOWIEDZIALNO\u015aCI\u0104, KRS 0000319859,  REGON 12083372, NIP 7343350832, Na\u015bciszowska 11, 33-300 Nowy S\u0105cz. <\/p>\n\n\n\n<p> e-mail: centrala@alwis.pl, tel. 18 444 28 20<strong>.<\/strong><\/p>\n\n\n\n<p><strong>Jakie Pa\u0144stwa dane przetwarzamy?<\/strong><\/p>\n\n\n\n<p>Alwis przetwarza nast\u0119puj\u0105ce kategorie danych:<\/p>\n\n\n\n<ol type=\"1\"><li>dane kontaktowe, korespondencyjne;<\/li><li>dane marketingowe do przekazania informacji o nowych produktach, promocjach, sprawach zwi\u0105zanych z ubezpieczeniami, z kt\u00f3rych Pa\u0144stwo korzystali wcze\u015bniej oraz takimi informacjami dla potencjalnych klient\u00f3w.<\/li><\/ol>\n\n\n\n<p><strong>Do czego b\u0119dziemy u\u017cywa\u0107 Pa\u0144stwa danych osobowych?<\/strong><\/p>\n\n\n\n<p>Pa\u0144stwa dane osobowe b\u0119dziemy przetwarza\u0107 w jednym lub wi\u0119cej spo\u015br\u00f3d nast\u0119puj\u0105cych cel\u00f3w:<\/p>\n\n\n\n<ol type=\"1\"><li>w celu kontaktu z Pa\u0144stwem w celu przedstawienia oferty;<\/li><li>w celach marketingowych produkt\u00f3w i us\u0142ug Alwis&amp;Secura oraz Alwis Finanse i zak\u0142ad\u00f3w ubezpieczeniowych i innych partner\u00f3w.<\/li><\/ol>\n\n\n\n<p><strong>Czy maj\u0105 Pa\u0144stwo obowi\u0105zek poda\u0107 dane osobowe?<\/strong><\/p>\n\n\n\n<p>W zakresie, w jakim przetwarzanie Pa\u0144stwa danych nast\u0119puje w celu: przygotowania oferty i kontaktu z Pa\u0144stwem.<\/p>\n\n\n\n<p><strong>Jak cofn\u0105\u0107 zgod\u0119 na przetwarzanie danych osobowych?<\/strong><\/p>\n\n\n\n<p>W ka\u017cdej chwili mog\u0105 Pa\u0144stwo cofn\u0105\u0107 ka\u017cd\u0105 zgod\u0119 udzielon\u0105 Alwis w zwi\u0105zku z przetwarzaniem danych osobowych bez ponoszenia \u017cadnych negatywnych konsekwencji. Wystarczy wys\u0142a\u0107 e-mail, lub przes\u0142a\u0107 wiadomo\u015b\u0107 poczt\u0105 tradycyjn\u0105 na wskazane powy\u017cej dane kontaktowe.<\/p>\n\n\n\n<p>Cofni\u0119cie zgody nie wp\u0142ywa na zgodno\u015b\u0107 z prawem przetwarzania Pa\u0144stwa danych przed jego dokonaniem, tzn. do momentu cofni\u0119cia zgody, przetwarzanie Pa\u0144stwa danych przez Alwis jest legalne. Wszystkie dane marketingowe s\u0105 od razu usuwane.<\/p>\n\n\n\n<p><strong>Jak skontaktowa\u0107 si\u0119 z Administratorem Danych osobowych?<\/strong><\/p>\n\n\n\n<p>Mo\u017cna to zrobi\u0107 telefonicznie pod numerem telefonu e-mailowo pod adresem centrala@alwis.pl, tel. 18 444 28 20<strong>.<\/strong><\/p>\n\n\n\n<p><strong>Na jakiej podstawie b\u0119dziemy przetwarza\u0107 Pa\u0144stwa dane osobowe?<\/strong><\/p>\n\n\n\n<p>Podstaw\u0105 przetwarzania danych osobowych jest, w zale\u017cno\u015bci od wykonywanych czynno\u015bci:<\/p>\n\n\n\n<ol type=\"1\"><li>pro\u015bba o ofert\u0119;<\/li><li>prawnie uzasadniony interes Alwis (marketing bezpo\u015bredni swoich produkt\u00f3w i us\u0142ug);<\/li><li>wyra\u017cona przez Pa\u0144stwa zgoda.<\/li><\/ol>\n\n\n\n<p><strong>Kiedy i komu mo\u017cemy przekaza\u0107 dane, a komu na pewno ich nie przeka\u017cemy?<\/strong><\/p>\n\n\n\n<p>Je\u017celi wyra\u017c\u0105 Pa\u0144stwo tak\u0105 zgod\u0119, udost\u0119pnimy Pa\u0144stwa dane osobowe tylko partnerom, z kt\u00f3rymi Alwis wsp\u00f3\u0142pracuje (\u201ePartnerzy Alwis\u201d), by mogli oni je wykorzystywa\u0107 w celach marketingowych. Dane udost\u0119pnimy tylko tym Partnerom Alwis, na kt\u00f3rych Pa\u0144stwo si\u0119 zgodz\u0105.<\/p>\n\n\n\n<p>Pa\u0144stwa dane mo\u017cemy ujawni\u0107 odbiorcom, w postaci zak\u0142ad\u00f3w ubezpieczeniowych z nami wsp\u00f3\u0142pracuj\u0105cych oraz OFWCA wykonuj\u0105cych zadania na nasze zlecenie i nasz\u0105 rzecz. W takim przypadku zawarta jest z tymi podmiotami umowa zapewniaj\u0105ca bezpiecze\u0144stwo danych osobowych. Je\u015bli chc\u0105 Pa\u0144stwo wiedzie\u0107, z kim aktualnie wsp\u00f3\u0142pracujemy, prosimy skierowa\u0107 zapytanie na adres podany powy\u017cej.<\/p>\n\n\n\n<p>Nie b\u0119dziemy natomiast przekazywa\u0107 Pa\u0144stwa danych osobowych do pa\u0144stw trzecich (poza Europejski Obszar Gospodarczy). Pa\u0144stwa dane nie b\u0119d\u0105 podlega\u0142y profilowaniu.<\/p>\n\n\n\n<p><strong>Co mog\u0105 Pa\u0144stwo robi\u0107 z przekazanymi nam lub posiadanymi przez nas danymi osobowymi?<\/strong><\/p>\n\n\n\n<p>Maj\u0105 Pa\u0144stwo prawo do \u017c\u0105dania od Alwis dost\u0119pu do swoich danych osobowych, ich sprostowania, usuni\u0119cia lub ograniczenia przetwarzania, bycia zapomnianym, a tak\u017ce mo\u017cemy je na Pa\u0144stwa \u017c\u0105danie przenie\u015b\u0107 do innego administratora danych. Odno\u015bnie do przetwarzania Pa\u0144stwa danych w celu marketingu w\u0142asnych produkt\u00f3w lub us\u0142ug Alwis mog\u0105 Pa\u0144stwo wnie\u015b\u0107 sprzeciw.<\/p>\n\n\n\n<p><strong>Do kiedy b\u0119dziemy przechowywa\u0107 Pa\u0144stwa dane?<\/strong><\/p>\n\n\n\n<p>Je\u015bli Pa\u0144stwa dane osobowe b\u0119d\u0105 przetwarzane na podstawie prawnie uzasadnionego interesu administratora, gdy podstaw\u0105 tego przetwarzania jest marketing bezpo\u015bredni swoich produkt\u00f3w i us\u0142ug, Pa\u0144stwa dane osobowe b\u0119d\u0105 przetwarzane do czasu wniesienia przez Pa\u0144stwa sprzeciwu.<\/p>\n\n\n\n<p><strong>Gdzie mog\u0105 Pa\u0144stwo wnie\u015b\u0107 skarg\u0119 na przetwarzanie danych osobowych przez Alwis&amp;Secura?<\/strong><\/p>\n\n\n\n<p>Obecnie takie skargi kierowa\u0107 mo\u017cna do Generalnego Inspektora Ochrony Danych Osobowych (GIODO). Ju\u017c wkr\u00f3tce w\u0142a\u015bciwym organem nadzorczym w tej kwestii b\u0119dzie Prezes Urz\u0119du Ochrony Danych Osobowych (PUODO). Dane o tym zostan\u0105 podane do publicznej wiadomo\u015bci.<\/p>\n\n\n\n<p>Mamy nadziej\u0119, \u017ce niniejszym tekstem wyja\u015bnili\u015bmy wszystkie w\u0105tpliwo\u015bci.<\/p>\n\n\n\n<p>Pozdrawiamy i \u017cyczymy wielu sukces\u00f3w,<\/p>\n\n\n\n<p>ALWIS FINANSE<\/p>\n","protected":false},"excerpt":{"rendered":"Szanowni Pa\u0144stwo, cenimy sobie transparentno\u015b\u0107 serwisu i zaufanie jego u\u017cytkownik\u00f3w. W poni\u017cszym pliku znajd\u0105 Pa\u0144stwo wyja\u015bnienie sposobu przetwarzania&hellip;\n","protected":false},"author":1,"featured_media":0,"parent":0,"menu_order":0,"comment_status":"closed","ping_status":"closed","template":"","meta":{"csco_singular_sidebar":"","csco_page_header_type":"","csco_appearance_grid":"","csco_page_load_nextpost":"","csco_post_video_location":[],"csco_post_video_location_hash":"","csco_post_video_url":"","csco_post_video_bg_start_time":0,"csco_post_video_bg_end_time":0},"yoast_head":"<!-- This site is optimized with the Yoast SEO plugin v18.2 - https:\/\/yoast.com\/wordpress\/plugins\/seo\/ -->\n<title>Polityka prywatno\u015bci &ndash; Mapa Agent\u00f3w - Blog<\/title>\n<meta name=\"robots\" content=\"index, follow, max-snippet:-1, max-image-preview:large, max-video-preview:-1\" \/>\n<link rel=\"canonical\" href=\"https:\/\/mapaagentow.pl\/blog\/polityka-prywatnosci\/\" \/>\n<meta property=\"og:locale\" content=\"pl_PL\" \/>\n<meta property=\"og:type\" content=\"article\" \/>\n<meta property=\"og:title\" content=\"Polityka prywatno\u015bci &ndash; Mapa Agent\u00f3w - Blog\" \/>\n<meta property=\"og:description\" content=\"Szanowni Pa\u0144stwo, cenimy sobie transparentno\u015b\u0107 serwisu i zaufanie jego u\u017cytkownik\u00f3w. W poni\u017cszym pliku znajd\u0105 Pa\u0144stwo wyja\u015bnienie sposobu przetwarzania&hellip;\" \/>\n<meta property=\"og:url\" content=\"https:\/\/mapaagentow.pl\/blog\/polityka-prywatnosci\/\" \/>\n<meta property=\"og:site_name\" content=\"Mapa Agent\u00f3w - Blog\" \/>\n<meta property=\"article:publisher\" content=\"https:\/\/www.facebook.com\/Agent-Przysz%c5%82o%c5%9bci-326651642080305\" \/>\n<meta property=\"article:modified_time\" content=\"2021-02-16T19:17:29+00:00\" \/>\n<meta property=\"og:image\" content=\"https:\/\/mapaagentow.pl\/blog\/wp-content\/uploads\/2021\/02\/LOGO_FB.jpg\" \/>\n\t<meta property=\"og:image:width\" content=\"200\" \/>\n\t<meta property=\"og:image:height\" content=\"200\" \/>\n\t<meta property=\"og:image:type\" content=\"image\/jpeg\" \/>\n<meta name=\"twitter:card\" content=\"summary_large_image\" \/>\n<meta name=\"twitter:label1\" content=\"Szacowany czas czytania\" \/>\n\t<meta name=\"twitter:data1\" content=\"4 minuty\" \/>\n<script type=\"application\/ld+json\" class=\"yoast-schema-graph\">{\"@context\":\"https:\/\/schema.org\",\"@graph\":[{\"@type\":\"WebSite\",\"@id\":\"https:\/\/mapaagentow.pl\/blog\/#website\",\"url\":\"https:\/\/mapaagentow.pl\/blog\/\",\"name\":\"Mapa Agent\u00f3w - Blog\",\"description\":\"Blog dla ka\u017cdego agenta ubezpieczeniowego\",\"potentialAction\":[{\"@type\":\"SearchAction\",\"target\":{\"@type\":\"EntryPoint\",\"urlTemplate\":\"https:\/\/mapaagentow.pl\/blog\/?s={search_term_string}\"},\"query-input\":\"required name=search_term_string\"}],\"inLanguage\":\"pl-PL\"},{\"@type\":\"WebPage\",\"@id\":\"https:\/\/mapaagentow.pl\/blog\/polityka-prywatnosci\/#webpage\",\"url\":\"https:\/\/mapaagentow.pl\/blog\/polityka-prywatnosci\/\",\"name\":\"Polityka prywatno\u015bci &ndash; Mapa Agent\u00f3w - Blog\",\"isPartOf\":{\"@id\":\"https:\/\/mapaagentow.pl\/blog\/#website\"},\"datePublished\":\"2021-02-10T09:28:59+00:00\",\"dateModified\":\"2021-02-16T19:17:29+00:00\",\"breadcrumb\":{\"@id\":\"https:\/\/mapaagentow.pl\/blog\/polityka-prywatnosci\/#breadcrumb\"},\"inLanguage\":\"pl-PL\",\"potentialAction\":[{\"@type\":\"ReadAction\",\"target\":[\"https:\/\/mapaagentow.pl\/blog\/polityka-prywatnosci\/\"]}]},{\"@type\":\"BreadcrumbList\",\"@id\":\"https:\/\/mapaagentow.pl\/blog\/polityka-prywatnosci\/#breadcrumb\",\"itemListElement\":[{\"@type\":\"ListItem\",\"position\":1,\"name\":\"Blog\",\"item\":\"https:\/\/mapaagentow.pl\/blog\/\"},{\"@type\":\"ListItem\",\"position\":2,\"name\":\"Polityka prywatno\u015bci\"}]}]}<\/script>\n<!-- \/ Yoast SEO plugin. -->","yoast_head_json":{"title":"Polityka prywatno\u015bci &ndash; Mapa Agent\u00f3w - Blog","robots":{"index":"index","follow":"follow","max-snippet":"max-snippet:-1","max-image-preview":"max-image-preview:large","max-video-preview":"max-video-preview:-1"},"canonical":"https:\/\/mapaagentow.pl\/blog\/polityka-prywatnosci\/","og_locale":"pl_PL","og_type":"article","og_title":"Polityka prywatno\u015bci &ndash; Mapa Agent\u00f3w - Blog","og_description":"Szanowni Pa\u0144stwo, cenimy sobie transparentno\u015b\u0107 serwisu i zaufanie jego u\u017cytkownik\u00f3w. W poni\u017cszym pliku znajd\u0105 Pa\u0144stwo wyja\u015bnienie sposobu przetwarzania&hellip;","og_url":"https:\/\/mapaagentow.pl\/blog\/polityka-prywatnosci\/","og_site_name":"Mapa Agent\u00f3w - Blog","article_publisher":"https:\/\/www.facebook.com\/Agent-Przysz%c5%82o%c5%9bci-326651642080305","article_modified_time":"2021-02-16T19:17:29+00:00","og_image":[{"width":200,"height":200,"url":"https:\/\/mapaagentow.pl\/blog\/wp-content\/uploads\/2021\/02\/LOGO_FB.jpg","type":"image\/jpeg"}],"twitter_card":"summary_large_image","twitter_misc":{"Szacowany czas czytania":"4 minuty"},"schema":{"@context":"https:\/\/schema.org","@graph":[{"@type":"WebSite","@id":"https:\/\/mapaagentow.pl\/blog\/#website","url":"https:\/\/mapaagentow.pl\/blog\/","name":"Mapa Agent\u00f3w - Blog","description":"Blog dla ka\u017cdego agenta ubezpieczeniowego","potentialAction":[{"@type":"SearchAction","target":{"@type":"EntryPoint","urlTemplate":"https:\/\/mapaagentow.pl\/blog\/?s={search_term_string}"},"query-input":"required name=search_term_string"}],"inLanguage":"pl-PL"},{"@type":"WebPage","@id":"https:\/\/mapaagentow.pl\/blog\/polityka-prywatnosci\/#webpage","url":"https:\/\/mapaagentow.pl\/blog\/polityka-prywatnosci\/","name":"Polityka prywatno\u015bci &ndash; Mapa Agent\u00f3w - Blog","isPartOf":{"@id":"https:\/\/mapaagentow.pl\/blog\/#website"},"datePublished":"2021-02-10T09:28:59+00:00","dateModified":"2021-02-16T19:17:29+00:00","breadcrumb":{"@id":"https:\/\/mapaagentow.pl\/blog\/polityka-prywatnosci\/#breadcrumb"},"inLanguage":"pl-PL","potentialAction":[{"@type":"ReadAction","target":["https:\/\/mapaagentow.pl\/blog\/polityka-prywatnosci\/"]}]},{"@type":"BreadcrumbList","@id":"https:\/\/mapaagentow.pl\/blog\/polityka-prywatnosci\/#breadcrumb","itemListElement":[{"@type":"ListItem","position":1,"name":"Blog","item":"https:\/\/mapaagentow.pl\/blog\/"},{"@type":"ListItem","position":2,"name":"Polityka prywatno\u015bci"}]}]}},"_links":{"self":[{"href":"https:\/\/mapaagentow.pl\/blog\/wp-json\/wp\/v2\/pages\/2386"}],"collection":[{"href":"https:\/\/mapaagentow.pl\/blog\/wp-json\/wp\/v2\/pages"}],"about":[{"href":"https:\/\/mapaagentow.pl\/blog\/wp-json\/wp\/v2\/types\/page"}],"author":[{"embeddable":true,"href":"https:\/\/mapaagentow.pl\/blog\/wp-json\/wp\/v2\/users\/1"}],"replies":[{"embeddable":true,"href":"https:\/\/mapaagentow.pl\/blog\/wp-json\/wp\/v2\/comments?post=2386"}],"version-history":[{"count":3,"href":"https:\/\/mapaagentow.pl\/blog\/wp-json\/wp\/v2\/pages\/2386\/revisions"}],"predecessor-version":[{"id":2467,"href":"https:\/\/mapaagentow.pl\/blog\/wp-json\/wp\/v2\/pages\/2386\/revisions\/2467"}],"wp:attachment":[{"href":"https:\/\/mapaagentow.pl\/blog\/wp-json\/wp\/v2\/media?parent=2386"}],"curies":[{"name":"wp","href":"https:\/\/api.w.org\/{rel}","templated":true}]}}